{"id":120,"date":"2025-01-30T15:45:28","date_gmt":"2025-01-30T21:45:28","guid":{"rendered":"https:\/\/videre.lat\/?page_id=120"},"modified":"2025-01-30T17:41:14","modified_gmt":"2025-01-30T23:41:14","slug":"cumplimiento-e-implementacion-de-marcos-normativos-compliance-tanto-en-materia-de-proteccion-de-datos-personales-como-de-transparencia-y-acceso-a-la-informacion","status":"publish","type":"page","link":"https:\/\/videre.lat\/en\/servicios\/cumplimiento-e-implementacion-de-marcos-normativos-compliance-tanto-en-materia-de-proteccion-de-datos-personales-como-de-transparencia-y-acceso-a-la-informacion\/","title":{"rendered":"Cumplimiento e implementaci\u00f3n de marcos normativos (compliance) en materia de protecci\u00f3n de datos personales y privacidad"},"content":{"rendered":"<p>Aseguramos el cumplimiento de las normativas vigentes en materia de privacidad, protecci\u00f3n de datos y ciberseguridad de empresas y organizaciones, en su vinculaci\u00f3n con la utilizaci\u00f3n de tecnolog\u00edas disruptivas como la Inteligencia Artificial (IA) o el Internet de las Cosas (IoT), a trav\u00e9s, entre otros, de los siguientes instrumentos:<\/p>\n<ol>\n<li><strong>Diagn\u00f3stico de cumplimiento: <\/strong>Revisamos y evaluamos el nivel de cumplimiento para determinar posibles brechas entre las pr\u00e1cticas actuales, de empresas y organizaciones, con relaci\u00f3n a lo previsto por los marcos legales.<\/li>\n<li><strong>Evaluaci\u00f3n de impacto a la privacidad (PIA por sus siglas en Ingl\u00e9s):<\/strong> Identificamos en etapas tempranas (en el dise\u00f1o o construcci\u00f3n de proyectos)\u00a0 vulnerabilidades y riesgos espec\u00edficos en el tratamiento de datos (incluido aquellos que utilicen inteligencia artificial), para alinear las operaciones de los responsables con el marco normativo en materia de protecci\u00f3n de datos. <\/li>\n<li><strong>Privacidad desde el\u00a0 dise\u00f1o y por defecto : <\/strong>Incorporamos los principios en materia de protecci\u00f3n de datos personales desde el dise\u00f1o y por defecto en productos y\/o servicios, con enfoque\u00a0 en nuevos emprendimientos (start-ups), para propiciar el libre flujo transfronterizo de datos en el comercio electr\u00f3nico, la creaci\u00f3n de plataformas digitales, entre otros.<\/li>\n<li><strong>Desarrollo de pol\u00edticas. <\/strong>Brindamos apoyo para crear pol\u00edticas corporativas y procedimientos internos que documenten las pautas de empresas y organizaciones, para el debido tratamiento de datos personales, y, a su vez, faciliten el cumplimiento de la regulaci\u00f3n.<\/li>\n<li><strong>Autorregulaci\u00f3n:<\/strong> Construimos, implementamos y acompa\u00f1amos en el seguimiento de mecanismos de autorregulaci\u00f3n , tales como c\u00f3digos de conducta , normas corporativas vinculantes y, en general, mejores pr\u00e1cticas aplicables en los distintos espacios de cooperaci\u00f3n econ\u00f3mica como el Foro de Cooperaci\u00f3n Asia Pac\u00edfico (APEC), la Uni\u00f3n Europea (UE), el Tratado entre M\u00e9xico, Estados Unidos y Canad\u00e1 (T-MEC) entre otros , as\u00ed como en cl\u00e1usulas tipo, cl\u00e1usulas contractuales o convenios institucionales para realizar transferencias internacionales de datos personales, demostrar el cumplimiento normativo, elevar los est\u00e1ndares de cumplimiento para mejorar los m\u00ednimos legales, entre otros.<\/li>\n<li><strong>Auditor\u00eda: <\/strong>Verificamos el cumplimiento normativo, de tratamientos de datos personales en curso, para detectar brechas y dise\u00f1ar un esquema individualizado de soluciones para su implementaci\u00f3n.<\/li>\n<li><strong>Development of capacities<\/strong>. Dise\u00f1amos e implementamos una amplia gama de programas de capacitaci\u00f3n flexibles, eficientes y acordes a las necesidades de cada empresa u organizaci\u00f3n.<\/li>\n<li><strong>Acompa\u00f1amiento en la atenci\u00f3n de incidentes. <\/strong>Ofrecemos asesor\u00eda para cumplir con la normativa ante incidentes de seguridad o vulneraciones en materia de datos personales.<\/li>\n<li><strong>Privacidad para anunciantes: <\/strong>Adecuamos la publicidad en l\u00ednea a los marcos normativos aplicables, tales como la gesti\u00f3n de cookies, elaboraci\u00f3n de avisos de privacidad para anunciantes, asesor\u00eda para la gesti\u00f3n y atenci\u00f3n de solicitudes de ejercicio de derechos, as\u00ed como para la gesti\u00f3n de reclamaciones ante la autoridad de protecci\u00f3n de datos personales, entre otros.<\/li>\n<li><strong>Oficial de privacidad\/delegado de protecci\u00f3n de datos:<\/strong> Brindamos el servicio de oficial o delegado, directamente, para empresas u organizaciones, o bien, asesoramos y asistimos a oficiales o delegados designados, para lograr que la privacidad\/protecci\u00f3n de datos personales, sea un pilar en el que se sustente la confianza en los servicios que se ofrecen.<\/li>\n<li><strong>Oficial de seguridad: <\/strong>Brindamos el servicio de oficial, directamente, para empresas u organizaciones, o bien, asesoramos y asistimos al oficial, o instancia a cargo de la seguridad, designada, para hacer de la seguridad de la informaci\u00f3n un aliado permanente.<\/li>\n<li><strong>Flujo transfronterizo de datos personales:<\/strong> Desarrollamos dise\u00f1os y soluciones adecuadas, para cada empresa u organizaci\u00f3n, para ofrecer los esquemas m\u00e1s robustos y flexibles para participar en los bloques econ\u00f3micos m\u00e1s relevantes y, en general, para ofrecer productos y\/o servicios en cualquier pa\u00eds, en el contexto de un comercio global y de un desarrollo tecnol\u00f3gico sin fronteras.<\/li>\n<\/ol>","protected":false},"excerpt":{"rendered":"<p>Aseguramos el cumplimiento de las normativas vigentes en materia de privacidad, protecci\u00f3n de datos y ciberseguridad de empresas y organizaciones, en su vinculaci\u00f3n con la utilizaci\u00f3n de tecnolog\u00edas disruptivas como la Inteligencia Artificial (IA) o el Internet de las Cosas (IoT), a trav\u00e9s, entre otros, de los siguientes instrumentos: Diagn\u00f3stico de cumplimiento: Revisamos y evaluamos [&hellip;]<\/p>\n","protected":false},"author":1,"featured_media":0,"parent":82,"menu_order":0,"comment_status":"closed","ping_status":"closed","template":"","meta":{"footnotes":""},"class_list":["post-120","page","type-page","status-publish","hentry"],"yoast_head":"<!-- This site is optimized with the Yoast SEO plugin v26.9 - https:\/\/yoast.com\/product\/yoast-seo-wordpress\/ -->\n<title>Cumplimiento e implementaci\u00f3n de marcos normativos (compliance) en materia de protecci\u00f3n de datos personales y privacidad - videre<\/title>\n<meta name=\"description\" content=\"Aseguramos el cumplimiento de las normativas vigentes en materia de privacidad, protecci\u00f3n de datos y ciberseguridad de empresas y organizaciones, en su vinculaci\u00f3n con la utilizaci\u00f3n de tecnolog\u00edas disruptivas como la Inteligencia Artificial (IA) o el Internet de las Cosas (IoT).\" \/>\n<meta name=\"robots\" content=\"index, follow, max-snippet:-1, max-image-preview:large, max-video-preview:-1\" \/>\n<link rel=\"canonical\" href=\"https:\/\/videre.lat\/en\/servicios\/cumplimiento-e-implementacion-de-marcos-normativos-compliance-tanto-en-materia-de-proteccion-de-datos-personales-como-de-transparencia-y-acceso-a-la-informacion\/\" \/>\n<meta property=\"og:locale\" content=\"en_US\" \/>\n<meta property=\"og:type\" content=\"article\" \/>\n<meta property=\"og:title\" content=\"Cumplimiento e implementaci\u00f3n de marcos normativos (compliance) en materia de protecci\u00f3n de datos personales y privacidad - videre\" \/>\n<meta property=\"og:description\" content=\"Aseguramos el cumplimiento de las normativas vigentes en materia de privacidad, protecci\u00f3n de datos y ciberseguridad de empresas y organizaciones, en su vinculaci\u00f3n con la utilizaci\u00f3n de tecnolog\u00edas disruptivas como la Inteligencia Artificial (IA) o el Internet de las Cosas (IoT).\" \/>\n<meta property=\"og:url\" content=\"https:\/\/videre.lat\/en\/servicios\/cumplimiento-e-implementacion-de-marcos-normativos-compliance-tanto-en-materia-de-proteccion-de-datos-personales-como-de-transparencia-y-acceso-a-la-informacion\/\" \/>\n<meta property=\"og:site_name\" content=\"videre\" \/>\n<meta property=\"article:publisher\" content=\"https:\/\/www.facebook.com\/viderelat\" \/>\n<meta property=\"article:modified_time\" content=\"2025-01-30T23:41:14+00:00\" \/>\n<meta property=\"og:image\" content=\"https:\/\/videre.lat\/wp-content\/uploads\/2025\/01\/videre-logo.png\" \/>\n\t<meta property=\"og:image:width\" content=\"1600\" \/>\n\t<meta property=\"og:image:height\" content=\"1600\" \/>\n\t<meta property=\"og:image:type\" content=\"image\/png\" \/>\n<meta name=\"twitter:card\" content=\"summary_large_image\" \/>\n<meta name=\"twitter:site\" content=\"@viderelat\" \/>\n<meta name=\"twitter:label1\" content=\"Est. reading time\" \/>\n\t<meta name=\"twitter:data1\" content=\"3 minutes\" \/>\n<script type=\"application\/ld+json\" class=\"yoast-schema-graph\">{\"@context\":\"https:\/\/schema.org\",\"@graph\":[{\"@type\":\"WebPage\",\"@id\":\"https:\/\/videre.lat\/servicios\/cumplimiento-e-implementacion-de-marcos-normativos-compliance-tanto-en-materia-de-proteccion-de-datos-personales-como-de-transparencia-y-acceso-a-la-informacion\/\",\"url\":\"https:\/\/videre.lat\/servicios\/cumplimiento-e-implementacion-de-marcos-normativos-compliance-tanto-en-materia-de-proteccion-de-datos-personales-como-de-transparencia-y-acceso-a-la-informacion\/\",\"name\":\"Cumplimiento e implementaci\u00f3n de marcos normativos (compliance) en materia de protecci\u00f3n de datos personales y privacidad - videre\",\"isPartOf\":{\"@id\":\"https:\/\/videre.lat\/#website\"},\"datePublished\":\"2025-01-30T21:45:28+00:00\",\"dateModified\":\"2025-01-30T23:41:14+00:00\",\"description\":\"Aseguramos el cumplimiento de las normativas vigentes en materia de privacidad, protecci\u00f3n de datos y ciberseguridad de empresas y organizaciones, en su vinculaci\u00f3n con la utilizaci\u00f3n de tecnolog\u00edas disruptivas como la Inteligencia Artificial (IA) o el Internet de las Cosas (IoT).\",\"breadcrumb\":{\"@id\":\"https:\/\/videre.lat\/servicios\/cumplimiento-e-implementacion-de-marcos-normativos-compliance-tanto-en-materia-de-proteccion-de-datos-personales-como-de-transparencia-y-acceso-a-la-informacion\/#breadcrumb\"},\"inLanguage\":\"en-US\",\"potentialAction\":[{\"@type\":\"ReadAction\",\"target\":[\"https:\/\/videre.lat\/servicios\/cumplimiento-e-implementacion-de-marcos-normativos-compliance-tanto-en-materia-de-proteccion-de-datos-personales-como-de-transparencia-y-acceso-a-la-informacion\/\"]}]},{\"@type\":\"BreadcrumbList\",\"@id\":\"https:\/\/videre.lat\/servicios\/cumplimiento-e-implementacion-de-marcos-normativos-compliance-tanto-en-materia-de-proteccion-de-datos-personales-como-de-transparencia-y-acceso-a-la-informacion\/#breadcrumb\",\"itemListElement\":[{\"@type\":\"ListItem\",\"position\":1,\"name\":\"Portada\",\"item\":\"https:\/\/videre.lat\/\"},{\"@type\":\"ListItem\",\"position\":2,\"name\":\"Servicios\",\"item\":\"https:\/\/videre.lat\/servicios\/\"},{\"@type\":\"ListItem\",\"position\":3,\"name\":\"Cumplimiento e implementaci\u00f3n de marcos normativos (compliance) en materia de protecci\u00f3n de datos personales y privacidad\"}]},{\"@type\":\"WebSite\",\"@id\":\"https:\/\/videre.lat\/#website\",\"url\":\"https:\/\/videre.lat\/\",\"name\":\"videre\",\"description\":\"Somos una firma de abogac\u00eda digital\",\"publisher\":{\"@id\":\"https:\/\/videre.lat\/#organization\"},\"potentialAction\":[{\"@type\":\"SearchAction\",\"target\":{\"@type\":\"EntryPoint\",\"urlTemplate\":\"https:\/\/videre.lat\/?s={search_term_string}\"},\"query-input\":{\"@type\":\"PropertyValueSpecification\",\"valueRequired\":true,\"valueName\":\"search_term_string\"}}],\"inLanguage\":\"en-US\"},{\"@type\":\"Organization\",\"@id\":\"https:\/\/videre.lat\/#organization\",\"name\":\"videre\",\"url\":\"https:\/\/videre.lat\/\",\"logo\":{\"@type\":\"ImageObject\",\"inLanguage\":\"en-US\",\"@id\":\"https:\/\/videre.lat\/#\/schema\/logo\/image\/\",\"url\":\"https:\/\/videre.lat\/wp-content\/uploads\/2025\/01\/videre-logo.png\",\"contentUrl\":\"https:\/\/videre.lat\/wp-content\/uploads\/2025\/01\/videre-logo.png\",\"width\":1600,\"height\":1600,\"caption\":\"videre\"},\"image\":{\"@id\":\"https:\/\/videre.lat\/#\/schema\/logo\/image\/\"},\"sameAs\":[\"https:\/\/www.facebook.com\/viderelat\",\"https:\/\/x.com\/viderelat\",\"https:\/\/www.linkedin.com\/company\/viderelat\"]}]}<\/script>\n<!-- \/ Yoast SEO plugin. -->","yoast_head_json":{"title":"Cumplimiento e implementaci\u00f3n de marcos normativos (compliance) en materia de protecci\u00f3n de datos personales y privacidad - videre","description":"Aseguramos el cumplimiento de las normativas vigentes en materia de privacidad, protecci\u00f3n de datos y ciberseguridad de empresas y organizaciones, en su vinculaci\u00f3n con la utilizaci\u00f3n de tecnolog\u00edas disruptivas como la Inteligencia Artificial (IA) o el Internet de las Cosas (IoT).","robots":{"index":"index","follow":"follow","max-snippet":"max-snippet:-1","max-image-preview":"max-image-preview:large","max-video-preview":"max-video-preview:-1"},"canonical":"https:\/\/videre.lat\/en\/servicios\/cumplimiento-e-implementacion-de-marcos-normativos-compliance-tanto-en-materia-de-proteccion-de-datos-personales-como-de-transparencia-y-acceso-a-la-informacion\/","og_locale":"en_US","og_type":"article","og_title":"Cumplimiento e implementaci\u00f3n de marcos normativos (compliance) en materia de protecci\u00f3n de datos personales y privacidad - videre","og_description":"Aseguramos el cumplimiento de las normativas vigentes en materia de privacidad, protecci\u00f3n de datos y ciberseguridad de empresas y organizaciones, en su vinculaci\u00f3n con la utilizaci\u00f3n de tecnolog\u00edas disruptivas como la Inteligencia Artificial (IA) o el Internet de las Cosas (IoT).","og_url":"https:\/\/videre.lat\/en\/servicios\/cumplimiento-e-implementacion-de-marcos-normativos-compliance-tanto-en-materia-de-proteccion-de-datos-personales-como-de-transparencia-y-acceso-a-la-informacion\/","og_site_name":"videre","article_publisher":"https:\/\/www.facebook.com\/viderelat","article_modified_time":"2025-01-30T23:41:14+00:00","og_image":[{"width":1600,"height":1600,"url":"https:\/\/videre.lat\/wp-content\/uploads\/2025\/01\/videre-logo.png","type":"image\/png"}],"twitter_card":"summary_large_image","twitter_site":"@viderelat","twitter_misc":{"Est. reading time":"3 minutes"},"schema":{"@context":"https:\/\/schema.org","@graph":[{"@type":"WebPage","@id":"https:\/\/videre.lat\/servicios\/cumplimiento-e-implementacion-de-marcos-normativos-compliance-tanto-en-materia-de-proteccion-de-datos-personales-como-de-transparencia-y-acceso-a-la-informacion\/","url":"https:\/\/videre.lat\/servicios\/cumplimiento-e-implementacion-de-marcos-normativos-compliance-tanto-en-materia-de-proteccion-de-datos-personales-como-de-transparencia-y-acceso-a-la-informacion\/","name":"Cumplimiento e implementaci\u00f3n de marcos normativos (compliance) en materia de protecci\u00f3n de datos personales y privacidad - videre","isPartOf":{"@id":"https:\/\/videre.lat\/#website"},"datePublished":"2025-01-30T21:45:28+00:00","dateModified":"2025-01-30T23:41:14+00:00","description":"Aseguramos el cumplimiento de las normativas vigentes en materia de privacidad, protecci\u00f3n de datos y ciberseguridad de empresas y organizaciones, en su vinculaci\u00f3n con la utilizaci\u00f3n de tecnolog\u00edas disruptivas como la Inteligencia Artificial (IA) o el Internet de las Cosas (IoT).","breadcrumb":{"@id":"https:\/\/videre.lat\/servicios\/cumplimiento-e-implementacion-de-marcos-normativos-compliance-tanto-en-materia-de-proteccion-de-datos-personales-como-de-transparencia-y-acceso-a-la-informacion\/#breadcrumb"},"inLanguage":"en-US","potentialAction":[{"@type":"ReadAction","target":["https:\/\/videre.lat\/servicios\/cumplimiento-e-implementacion-de-marcos-normativos-compliance-tanto-en-materia-de-proteccion-de-datos-personales-como-de-transparencia-y-acceso-a-la-informacion\/"]}]},{"@type":"BreadcrumbList","@id":"https:\/\/videre.lat\/servicios\/cumplimiento-e-implementacion-de-marcos-normativos-compliance-tanto-en-materia-de-proteccion-de-datos-personales-como-de-transparencia-y-acceso-a-la-informacion\/#breadcrumb","itemListElement":[{"@type":"ListItem","position":1,"name":"Portada","item":"https:\/\/videre.lat\/"},{"@type":"ListItem","position":2,"name":"Servicios","item":"https:\/\/videre.lat\/servicios\/"},{"@type":"ListItem","position":3,"name":"Cumplimiento e implementaci\u00f3n de marcos normativos (compliance) en materia de protecci\u00f3n de datos personales y privacidad"}]},{"@type":"WebSite","@id":"https:\/\/videre.lat\/#website","url":"https:\/\/videre.lat\/","name":"videre","description":"Somos una firma de abogac\u00eda digital","publisher":{"@id":"https:\/\/videre.lat\/#organization"},"potentialAction":[{"@type":"SearchAction","target":{"@type":"EntryPoint","urlTemplate":"https:\/\/videre.lat\/?s={search_term_string}"},"query-input":{"@type":"PropertyValueSpecification","valueRequired":true,"valueName":"search_term_string"}}],"inLanguage":"en-US"},{"@type":"Organization","@id":"https:\/\/videre.lat\/#organization","name":"videre","url":"https:\/\/videre.lat\/","logo":{"@type":"ImageObject","inLanguage":"en-US","@id":"https:\/\/videre.lat\/#\/schema\/logo\/image\/","url":"https:\/\/videre.lat\/wp-content\/uploads\/2025\/01\/videre-logo.png","contentUrl":"https:\/\/videre.lat\/wp-content\/uploads\/2025\/01\/videre-logo.png","width":1600,"height":1600,"caption":"videre"},"image":{"@id":"https:\/\/videre.lat\/#\/schema\/logo\/image\/"},"sameAs":["https:\/\/www.facebook.com\/viderelat","https:\/\/x.com\/viderelat","https:\/\/www.linkedin.com\/company\/viderelat"]}]}},"_links":{"self":[{"href":"https:\/\/videre.lat\/en\/wp-json\/wp\/v2\/pages\/120","targetHints":{"allow":["GET"]}}],"collection":[{"href":"https:\/\/videre.lat\/en\/wp-json\/wp\/v2\/pages"}],"about":[{"href":"https:\/\/videre.lat\/en\/wp-json\/wp\/v2\/types\/page"}],"author":[{"embeddable":true,"href":"https:\/\/videre.lat\/en\/wp-json\/wp\/v2\/users\/1"}],"replies":[{"embeddable":true,"href":"https:\/\/videre.lat\/en\/wp-json\/wp\/v2\/comments?post=120"}],"version-history":[{"count":3,"href":"https:\/\/videre.lat\/en\/wp-json\/wp\/v2\/pages\/120\/revisions"}],"predecessor-version":[{"id":135,"href":"https:\/\/videre.lat\/en\/wp-json\/wp\/v2\/pages\/120\/revisions\/135"}],"up":[{"embeddable":true,"href":"https:\/\/videre.lat\/en\/wp-json\/wp\/v2\/pages\/82"}],"wp:attachment":[{"href":"https:\/\/videre.lat\/en\/wp-json\/wp\/v2\/media?parent=120"}],"curies":[{"name":"wp","href":"https:\/\/api.w.org\/{rel}","templated":true}]}}