{"id":101,"date":"2025-01-27T15:47:12","date_gmt":"2025-01-27T21:47:12","guid":{"rendered":"https:\/\/videre.lat\/?page_id=101"},"modified":"2025-02-06T20:26:59","modified_gmt":"2025-02-07T02:26:59","slug":"cecilia-azuara-arai","status":"publish","type":"page","link":"https:\/\/videre.lat\/en\/quienes-somos\/cecilia-azuara-arai\/","title":{"rendered":"Cecilia Azuara Arai"},"content":{"rendered":"<p><img loading=\"lazy\" decoding=\"async\" src=\"https:\/\/videre.lat\/wp-content\/uploads\/2025\/01\/cecilia-azuara.webp\" alt=\"Cecilia Azuara\" width=\"800\" height=\"800\" class=\"aligncenter size-full wp-image-91 redondeada\" srcset=\"https:\/\/videre.lat\/wp-content\/uploads\/2025\/01\/cecilia-azuara.webp 800w, https:\/\/videre.lat\/wp-content\/uploads\/2025\/01\/cecilia-azuara-300x300.webp 300w, https:\/\/videre.lat\/wp-content\/uploads\/2025\/01\/cecilia-azuara-150x150.webp 150w, https:\/\/videre.lat\/wp-content\/uploads\/2025\/01\/cecilia-azuara-768x768.webp 768w\" sizes=\"auto, (max-width: 800px) 100vw, 800px\" \/><\/p>\n<p>She is a Lawyer with a master\u2019s degree in law. Currently a Law PhD candidate for the Institute of Legal Research at the National Autonomous University of Mexico (UNAM), which is part of the Institutional Research Project for Law and Artificial Intelligence (LIDIA).<\/p>\n<p>Cecilia is an expert on transparency, proactive transparency, open government, access to information, privacy, data protection, and public archives.<\/p>\n<p>Currently, she\u2019s a founding partner at Videre, a legal advisory firm aimed at multi-sectorial services regarding privacy and data protection in the digital era.<\/p>\n<p>She has 28 years of experience in the public sector, with a 9-years of experience in designing the transparency and access to information policy at the National Electoral Institute (INE) archives. Further positions there include Data Protection Official, advisor to the Federal Voter Registry (the largest database in the country), amongst other administrative areas.<\/p>\n<p>11 years of experience holding distinct positions for the Federal Access to Information and Data Protection Institute, such as Access to Information Secretary, acting as a second level of command in decision-making for the Institution regarding advisory, regulatory, and resolution issues.<\/p>\n<p>Legal advisor for the design and drafting of several laws and regulations regarding access to information and data protection acts in Mexico and Latin America, as well as constitutional and legal reforms on these matters.<\/p>\n<p>Author of several academic publications in legal subjects regarding those topics, and lecturer in international and national forums.<\/p>\n<p>&nbsp;<\/p>","protected":false},"excerpt":{"rendered":"<p>Maestra en Derecho. Actualmente cursa el Doctorado en Derecho en el Instituto de Investigaciones Jur\u00eddicas de la UNAM, en donde forma parte de la L\u00ednea de Investigaci\u00f3n de Derecho e Inteligencia Artificial (LIDIA). Es experta en temas de transparencia, gobierno abierto, transparencia proactiva, acceso a la informaci\u00f3n, privacidad, protecci\u00f3n de datos y archivos. Actualmente socia [&hellip;]<\/p>\n","protected":false},"author":1,"featured_media":91,"parent":75,"menu_order":0,"comment_status":"closed","ping_status":"closed","template":"","meta":{"footnotes":""},"class_list":["post-101","page","type-page","status-publish","has-post-thumbnail","hentry"],"yoast_head":"<!-- This site is optimized with the Yoast SEO plugin v26.9 - https:\/\/yoast.com\/product\/yoast-seo-wordpress\/ -->\n<title>Cecilia Azuara Arai - videre<\/title>\n<meta name=\"description\" content=\"Maestra en Derecho. Actualmente cursa el Doctorado en Derecho en el Instituto de Investigaciones Jur\u00eddicas de la UNAM, en donde forma parte de la L\u00ednea de Investigaci\u00f3n de Derecho e Inteligencia Artificial (LIDIA).\" \/>\n<meta name=\"robots\" content=\"index, follow, max-snippet:-1, max-image-preview:large, max-video-preview:-1\" \/>\n<link rel=\"canonical\" href=\"https:\/\/videre.lat\/en\/quienes-somos\/cecilia-azuara-arai\/\" \/>\n<meta property=\"og:locale\" content=\"en_US\" \/>\n<meta property=\"og:type\" content=\"article\" \/>\n<meta property=\"og:title\" content=\"Cecilia Azuara Arai - videre\" \/>\n<meta property=\"og:description\" content=\"Maestra en Derecho. Actualmente cursa el Doctorado en Derecho en el Instituto de Investigaciones Jur\u00eddicas de la UNAM, en donde forma parte de la L\u00ednea de Investigaci\u00f3n de Derecho e Inteligencia Artificial (LIDIA).\" \/>\n<meta property=\"og:url\" content=\"https:\/\/videre.lat\/en\/quienes-somos\/cecilia-azuara-arai\/\" \/>\n<meta property=\"og:site_name\" content=\"videre\" \/>\n<meta property=\"article:publisher\" content=\"https:\/\/www.facebook.com\/viderelat\" \/>\n<meta property=\"article:modified_time\" content=\"2025-02-07T02:26:59+00:00\" \/>\n<meta property=\"og:image\" content=\"https:\/\/videre.lat\/wp-content\/uploads\/2025\/01\/cecilia-azuara.webp\" \/>\n\t<meta property=\"og:image:width\" content=\"800\" \/>\n\t<meta property=\"og:image:height\" content=\"800\" \/>\n\t<meta property=\"og:image:type\" content=\"image\/webp\" \/>\n<meta name=\"twitter:card\" content=\"summary_large_image\" \/>\n<meta name=\"twitter:site\" content=\"@viderelat\" \/>\n<meta name=\"twitter:label1\" content=\"Est. reading time\" \/>\n\t<meta name=\"twitter:data1\" content=\"2 minutes\" \/>\n<script type=\"application\/ld+json\" class=\"yoast-schema-graph\">{\"@context\":\"https:\/\/schema.org\",\"@graph\":[{\"@type\":\"WebPage\",\"@id\":\"https:\/\/videre.lat\/quienes-somos\/cecilia-azuara-arai\/\",\"url\":\"https:\/\/videre.lat\/quienes-somos\/cecilia-azuara-arai\/\",\"name\":\"Cecilia Azuara Arai - videre\",\"isPartOf\":{\"@id\":\"https:\/\/videre.lat\/#website\"},\"primaryImageOfPage\":{\"@id\":\"https:\/\/videre.lat\/quienes-somos\/cecilia-azuara-arai\/#primaryimage\"},\"image\":{\"@id\":\"https:\/\/videre.lat\/quienes-somos\/cecilia-azuara-arai\/#primaryimage\"},\"thumbnailUrl\":\"https:\/\/videre.lat\/wp-content\/uploads\/2025\/01\/cecilia-azuara.webp\",\"datePublished\":\"2025-01-27T21:47:12+00:00\",\"dateModified\":\"2025-02-07T02:26:59+00:00\",\"description\":\"Maestra en Derecho. Actualmente cursa el Doctorado en Derecho en el Instituto de Investigaciones Jur\u00eddicas de la UNAM, en donde forma parte de la L\u00ednea de Investigaci\u00f3n de Derecho e Inteligencia Artificial (LIDIA).\",\"breadcrumb\":{\"@id\":\"https:\/\/videre.lat\/quienes-somos\/cecilia-azuara-arai\/#breadcrumb\"},\"inLanguage\":\"en-US\",\"potentialAction\":[{\"@type\":\"ReadAction\",\"target\":[\"https:\/\/videre.lat\/quienes-somos\/cecilia-azuara-arai\/\"]}]},{\"@type\":\"ImageObject\",\"inLanguage\":\"en-US\",\"@id\":\"https:\/\/videre.lat\/quienes-somos\/cecilia-azuara-arai\/#primaryimage\",\"url\":\"https:\/\/videre.lat\/wp-content\/uploads\/2025\/01\/cecilia-azuara.webp\",\"contentUrl\":\"https:\/\/videre.lat\/wp-content\/uploads\/2025\/01\/cecilia-azuara.webp\",\"width\":800,\"height\":800,\"caption\":\"Cecilia Azuara\"},{\"@type\":\"BreadcrumbList\",\"@id\":\"https:\/\/videre.lat\/quienes-somos\/cecilia-azuara-arai\/#breadcrumb\",\"itemListElement\":[{\"@type\":\"ListItem\",\"position\":1,\"name\":\"Portada\",\"item\":\"https:\/\/videre.lat\/\"},{\"@type\":\"ListItem\",\"position\":2,\"name\":\"Qui\u00e9nes somos\",\"item\":\"https:\/\/videre.lat\/quienes-somos\/\"},{\"@type\":\"ListItem\",\"position\":3,\"name\":\"Cecilia Azuara Arai\"}]},{\"@type\":\"WebSite\",\"@id\":\"https:\/\/videre.lat\/#website\",\"url\":\"https:\/\/videre.lat\/\",\"name\":\"videre\",\"description\":\"Somos una firma de abogac\u00eda digital\",\"publisher\":{\"@id\":\"https:\/\/videre.lat\/#organization\"},\"potentialAction\":[{\"@type\":\"SearchAction\",\"target\":{\"@type\":\"EntryPoint\",\"urlTemplate\":\"https:\/\/videre.lat\/?s={search_term_string}\"},\"query-input\":{\"@type\":\"PropertyValueSpecification\",\"valueRequired\":true,\"valueName\":\"search_term_string\"}}],\"inLanguage\":\"en-US\"},{\"@type\":\"Organization\",\"@id\":\"https:\/\/videre.lat\/#organization\",\"name\":\"videre\",\"url\":\"https:\/\/videre.lat\/\",\"logo\":{\"@type\":\"ImageObject\",\"inLanguage\":\"en-US\",\"@id\":\"https:\/\/videre.lat\/#\/schema\/logo\/image\/\",\"url\":\"https:\/\/videre.lat\/wp-content\/uploads\/2025\/01\/videre-logo.png\",\"contentUrl\":\"https:\/\/videre.lat\/wp-content\/uploads\/2025\/01\/videre-logo.png\",\"width\":1600,\"height\":1600,\"caption\":\"videre\"},\"image\":{\"@id\":\"https:\/\/videre.lat\/#\/schema\/logo\/image\/\"},\"sameAs\":[\"https:\/\/www.facebook.com\/viderelat\",\"https:\/\/x.com\/viderelat\",\"https:\/\/www.linkedin.com\/company\/viderelat\"]}]}<\/script>\n<!-- \/ Yoast SEO plugin. -->","yoast_head_json":{"title":"Cecilia Azuara Arai - videre","description":"Maestra en Derecho. Actualmente cursa el Doctorado en Derecho en el Instituto de Investigaciones Jur\u00eddicas de la UNAM, en donde forma parte de la L\u00ednea de Investigaci\u00f3n de Derecho e Inteligencia Artificial (LIDIA).","robots":{"index":"index","follow":"follow","max-snippet":"max-snippet:-1","max-image-preview":"max-image-preview:large","max-video-preview":"max-video-preview:-1"},"canonical":"https:\/\/videre.lat\/en\/quienes-somos\/cecilia-azuara-arai\/","og_locale":"en_US","og_type":"article","og_title":"Cecilia Azuara Arai - videre","og_description":"Maestra en Derecho. Actualmente cursa el Doctorado en Derecho en el Instituto de Investigaciones Jur\u00eddicas de la UNAM, en donde forma parte de la L\u00ednea de Investigaci\u00f3n de Derecho e Inteligencia Artificial (LIDIA).","og_url":"https:\/\/videre.lat\/en\/quienes-somos\/cecilia-azuara-arai\/","og_site_name":"videre","article_publisher":"https:\/\/www.facebook.com\/viderelat","article_modified_time":"2025-02-07T02:26:59+00:00","og_image":[{"width":800,"height":800,"url":"https:\/\/videre.lat\/wp-content\/uploads\/2025\/01\/cecilia-azuara.webp","type":"image\/webp"}],"twitter_card":"summary_large_image","twitter_site":"@viderelat","twitter_misc":{"Est. reading time":"2 minutes"},"schema":{"@context":"https:\/\/schema.org","@graph":[{"@type":"WebPage","@id":"https:\/\/videre.lat\/quienes-somos\/cecilia-azuara-arai\/","url":"https:\/\/videre.lat\/quienes-somos\/cecilia-azuara-arai\/","name":"Cecilia Azuara Arai - videre","isPartOf":{"@id":"https:\/\/videre.lat\/#website"},"primaryImageOfPage":{"@id":"https:\/\/videre.lat\/quienes-somos\/cecilia-azuara-arai\/#primaryimage"},"image":{"@id":"https:\/\/videre.lat\/quienes-somos\/cecilia-azuara-arai\/#primaryimage"},"thumbnailUrl":"https:\/\/videre.lat\/wp-content\/uploads\/2025\/01\/cecilia-azuara.webp","datePublished":"2025-01-27T21:47:12+00:00","dateModified":"2025-02-07T02:26:59+00:00","description":"Maestra en Derecho. Actualmente cursa el Doctorado en Derecho en el Instituto de Investigaciones Jur\u00eddicas de la UNAM, en donde forma parte de la L\u00ednea de Investigaci\u00f3n de Derecho e Inteligencia Artificial (LIDIA).","breadcrumb":{"@id":"https:\/\/videre.lat\/quienes-somos\/cecilia-azuara-arai\/#breadcrumb"},"inLanguage":"en-US","potentialAction":[{"@type":"ReadAction","target":["https:\/\/videre.lat\/quienes-somos\/cecilia-azuara-arai\/"]}]},{"@type":"ImageObject","inLanguage":"en-US","@id":"https:\/\/videre.lat\/quienes-somos\/cecilia-azuara-arai\/#primaryimage","url":"https:\/\/videre.lat\/wp-content\/uploads\/2025\/01\/cecilia-azuara.webp","contentUrl":"https:\/\/videre.lat\/wp-content\/uploads\/2025\/01\/cecilia-azuara.webp","width":800,"height":800,"caption":"Cecilia Azuara"},{"@type":"BreadcrumbList","@id":"https:\/\/videre.lat\/quienes-somos\/cecilia-azuara-arai\/#breadcrumb","itemListElement":[{"@type":"ListItem","position":1,"name":"Portada","item":"https:\/\/videre.lat\/"},{"@type":"ListItem","position":2,"name":"Qui\u00e9nes somos","item":"https:\/\/videre.lat\/quienes-somos\/"},{"@type":"ListItem","position":3,"name":"Cecilia Azuara Arai"}]},{"@type":"WebSite","@id":"https:\/\/videre.lat\/#website","url":"https:\/\/videre.lat\/","name":"videre","description":"Somos una firma de abogac\u00eda digital","publisher":{"@id":"https:\/\/videre.lat\/#organization"},"potentialAction":[{"@type":"SearchAction","target":{"@type":"EntryPoint","urlTemplate":"https:\/\/videre.lat\/?s={search_term_string}"},"query-input":{"@type":"PropertyValueSpecification","valueRequired":true,"valueName":"search_term_string"}}],"inLanguage":"en-US"},{"@type":"Organization","@id":"https:\/\/videre.lat\/#organization","name":"videre","url":"https:\/\/videre.lat\/","logo":{"@type":"ImageObject","inLanguage":"en-US","@id":"https:\/\/videre.lat\/#\/schema\/logo\/image\/","url":"https:\/\/videre.lat\/wp-content\/uploads\/2025\/01\/videre-logo.png","contentUrl":"https:\/\/videre.lat\/wp-content\/uploads\/2025\/01\/videre-logo.png","width":1600,"height":1600,"caption":"videre"},"image":{"@id":"https:\/\/videre.lat\/#\/schema\/logo\/image\/"},"sameAs":["https:\/\/www.facebook.com\/viderelat","https:\/\/x.com\/viderelat","https:\/\/www.linkedin.com\/company\/viderelat"]}]}},"_links":{"self":[{"href":"https:\/\/videre.lat\/en\/wp-json\/wp\/v2\/pages\/101","targetHints":{"allow":["GET"]}}],"collection":[{"href":"https:\/\/videre.lat\/en\/wp-json\/wp\/v2\/pages"}],"about":[{"href":"https:\/\/videre.lat\/en\/wp-json\/wp\/v2\/types\/page"}],"author":[{"embeddable":true,"href":"https:\/\/videre.lat\/en\/wp-json\/wp\/v2\/users\/1"}],"replies":[{"embeddable":true,"href":"https:\/\/videre.lat\/en\/wp-json\/wp\/v2\/comments?post=101"}],"version-history":[{"count":3,"href":"https:\/\/videre.lat\/en\/wp-json\/wp\/v2\/pages\/101\/revisions"}],"predecessor-version":[{"id":141,"href":"https:\/\/videre.lat\/en\/wp-json\/wp\/v2\/pages\/101\/revisions\/141"}],"up":[{"embeddable":true,"href":"https:\/\/videre.lat\/en\/wp-json\/wp\/v2\/pages\/75"}],"wp:featuredmedia":[{"embeddable":true,"href":"https:\/\/videre.lat\/en\/wp-json\/wp\/v2\/media\/91"}],"wp:attachment":[{"href":"https:\/\/videre.lat\/en\/wp-json\/wp\/v2\/media?parent=101"}],"curies":[{"name":"wp","href":"https:\/\/api.w.org\/{rel}","templated":true}]}}